{"id":9207,"date":"2023-04-05T14:36:08","date_gmt":"2023-04-05T14:36:08","guid":{"rendered":"https:\/\/help.edebex.com\/?page_id=9207"},"modified":"2026-02-01T21:50:15","modified_gmt":"2026-02-01T21:50:15","slug":"pagina-de-inicio","status":"publish","type":"page","link":"https:\/\/help.edebex.com\/es\/","title":{"rendered":"Pagina de inicio"},"content":{"rendered":"\t\t<div data-elementor-type=\"wp-page\" data-elementor-id=\"9207\" class=\"elementor elementor-9207 elementor-1853\" data-elementor-post-type=\"page\">\n\t\t\t\t\t\t<section class=\"elementor-section elementor-top-section elementor-element elementor-element-14e079f elementor-section-full_width elementor-section-height-default elementor-section-height-default\" data-id=\"14e079f\" data-element_type=\"section\" data-e-type=\"section\" data-settings=\"{&quot;background_background&quot;:&quot;classic&quot;}\">\n\t\t\t\t\t\t\t<div class=\"elementor-background-overlay\"><\/div>\n\t\t\t\t\t\t\t<div class=\"elementor-container elementor-column-gap-default\">\n\t\t\t\t\t<div class=\"elementor-column elementor-col-33 elementor-top-column elementor-element elementor-element-4887b691\" data-id=\"4887b691\" data-element_type=\"column\" data-e-type=\"column\">\n\t\t\t<div class=\"elementor-widget-wrap\">\n\t\t\t\t\t\t\t<\/div>\n\t\t<\/div>\n\t\t\t\t<div class=\"elementor-column elementor-col-33 elementor-top-column elementor-element elementor-element-4df9bdf8\" data-id=\"4df9bdf8\" data-element_type=\"column\" data-e-type=\"column\">\n\t\t\t<div class=\"elementor-widget-wrap elementor-element-populated\">\n\t\t\t\t\t\t<div class=\"elementor-element elementor-element-68c21d8e elementor-widget elementor-widget-heading\" data-id=\"68c21d8e\" data-element_type=\"widget\" data-e-type=\"widget\" data-widget_type=\"heading.default\">\n\t\t\t\t<div class=\"elementor-widget-container\">\n\t\t\t\t\t<h1 class=\"elementor-heading-title elementor-size-default\">Bienvenidos al centro de ayuda de Edebex<\/h1>\t\t\t\t<\/div>\n\t\t\t\t<\/div>\n\t\t\t\t<div class=\"elementor-element elementor-element-41fe63e7 elementor-widget elementor-widget-jet-ajax-search\" data-id=\"41fe63e7\" data-element_type=\"widget\" data-e-type=\"widget\" data-settings=\"{&quot;results_area_columns&quot;:1}\" data-widget_type=\"jet-ajax-search.default\">\n\t\t\t\t<div class=\"elementor-widget-container\">\n\t\t\t\t\t<div class=\"elementor-jet-ajax-search jet-search\">\n\t<div class=\"jet_search_listing_grid_hidden_template\" style=\"display: none;\">\n\t\t\t<\/div>\n\n<div class=\"jet-ajax-search\" data-settings=\"{&quot;symbols_for_start_searching&quot;:2,&quot;search_by_empty_value&quot;:&quot;&quot;,&quot;submit_on_enter&quot;:&quot;&quot;,&quot;search_source&quot;:&quot;any&quot;,&quot;search_logging&quot;:&quot;&quot;,&quot;search_results_url&quot;:&quot;&quot;,&quot;search_taxonomy&quot;:&quot;category&quot;,&quot;include_terms_ids&quot;:[],&quot;exclude_terms_ids&quot;:[453],&quot;exclude_posts_ids&quot;:[&quot;1853&quot;],&quot;custom_fields_source&quot;:&quot;&quot;,&quot;limit_query&quot;:5,&quot;limit_query_tablet&quot;:&quot;&quot;,&quot;limit_query_mobile&quot;:&quot;&quot;,&quot;limit_query_in_result_area&quot;:15,&quot;results_order_by&quot;:&quot;relevance&quot;,&quot;results_order&quot;:&quot;asc&quot;,&quot;sentence&quot;:&quot;&quot;,&quot;search_in_taxonomy&quot;:&quot;&quot;,&quot;search_in_taxonomy_source&quot;:&quot;&quot;,&quot;results_area_width_by&quot;:&quot;form&quot;,&quot;results_area_custom_width&quot;:&quot;&quot;,&quot;results_area_custom_position&quot;:&quot;&quot;,&quot;results_area_columns&quot;:1,&quot;results_area_columns_tablet&quot;:&quot;&quot;,&quot;results_area_columns_mobile&quot;:&quot;&quot;,&quot;results_area_columns_mobile_portrait&quot;:&quot;&quot;,&quot;thumbnail_visible&quot;:&quot;&quot;,&quot;thumbnail_size&quot;:&quot;&quot;,&quot;thumbnail_placeholder&quot;:&quot;&quot;,&quot;post_content_source&quot;:&quot;content&quot;,&quot;post_content_custom_field_key&quot;:&quot;&quot;,&quot;post_content_length&quot;:30,&quot;show_product_price&quot;:&quot;&quot;,&quot;show_product_rating&quot;:&quot;&quot;,&quot;show_add_to_cart&quot;:&quot;&quot;,&quot;show_result_new_tab&quot;:&quot;&quot;,&quot;highlight_searched_text&quot;:&quot;&quot;,&quot;listing_id&quot;:&quot;&quot;,&quot;bullet_pagination&quot;:&quot;&quot;,&quot;number_pagination&quot;:&quot;&quot;,&quot;navigation_arrows&quot;:&quot;in_header&quot;,&quot;navigation_arrows_type&quot;:&quot;angle&quot;,&quot;show_title_related_meta&quot;:&quot;&quot;,&quot;meta_title_related_position&quot;:&quot;&quot;,&quot;title_related_meta&quot;:&quot;&quot;,&quot;show_content_related_meta&quot;:&quot;&quot;,&quot;meta_content_related_position&quot;:&quot;&quot;,&quot;content_related_meta&quot;:&quot;&quot;,&quot;negative_search&quot;:&quot;Sorry, but nothing matched your search terms.&quot;,&quot;server_error&quot;:&quot;Sorry, but we cannot handle your search query now. Please, try again later!&quot;,&quot;show_search_suggestions&quot;:&quot;&quot;,&quot;search_suggestions_position&quot;:&quot;&quot;,&quot;search_suggestions_source&quot;:&quot;&quot;,&quot;search_suggestions_limits&quot;:&quot;&quot;,&quot;search_suggestions_item_title_length&quot;:&quot;&quot;,&quot;search_source_terms&quot;:&quot;&quot;,&quot;search_source_terms_title&quot;:&quot;&quot;,&quot;search_source_terms_icon&quot;:&quot;&quot;,&quot;search_source_terms_limit&quot;:&quot;&quot;,&quot;search_source_terms_listing_id&quot;:&quot;&quot;,&quot;search_source_terms_taxonomy&quot;:&quot;&quot;,&quot;search_source_users&quot;:&quot;&quot;,&quot;search_source_users_title&quot;:&quot;&quot;,&quot;search_source_users_icon&quot;:&quot;&quot;,&quot;search_source_users_limit&quot;:&quot;&quot;,&quot;search_source_users_listing_id&quot;:&quot;&quot;,&quot;lang&quot;:&quot;es&quot;}\"><form class=\"jet-ajax-search__form\" method=\"get\" action=\"https:\/\/help.edebex.com\/es\/\" role=\"search\" target=\"\">\n\t<div class=\"jet-ajax-search__fields-holder\">\n\t\t<div class=\"jet-ajax-search__field-wrapper\">\n\t\t\t<label for=\"search-input-41fe63e7\" class=\"screen-reader-text\">Search ...<\/label>\n\t\t\t\t\t\t<input id=\"search-input-41fe63e7\" class=\"jet-ajax-search__field\" type=\"search\" placeholder=\"Buscar por palabra clave...\" value=\"\" name=\"s\" autocomplete=\"off\" \/>\n\t\t\t\t\t\t\t<input type=\"hidden\" value=\"{&quot;exclude_terms_ids&quot;:[453],&quot;exclude_posts_ids&quot;:[&quot;1853&quot;]}\" name=\"jet_ajax_search_settings\" \/>\n\t\t\t\t\t\t\n\t\t\t\t\t<\/div>\n\t\t<div class=\"jet-ajax-search__categories\"><select  name=\"jet_ajax_search_categories\" data-placeholder=\"Todas las categor\u00edas\" id='jet_ajax_search_categories_41fe63e7' class='jet-ajax-search__categories-select'>\n\t<option value='0' selected='selected'>Todas las categor\u00edas<\/option>\n\t<option class=\"level-0\" value=\"460\">General<\/option>\n\t<option class=\"level-1\" value=\"487\">&nbsp;&nbsp;&nbsp;Mi cuenta<\/option>\n\t<option class=\"level-1\" value=\"482\">&nbsp;&nbsp;&nbsp;definici\u00f3n<\/option>\n\t<option class=\"level-1\" value=\"483\">&nbsp;&nbsp;&nbsp;Mi cuenta<\/option>\n\t<option class=\"level-1\" value=\"466\">&nbsp;&nbsp;&nbsp;UBO<\/option>\n\t<option class=\"level-1\" value=\"465\">&nbsp;&nbsp;&nbsp;Confidencialidad y seguridad<\/option>\n\t<option class=\"level-0\" value=\"471\">Prefinanciamiento<\/option>\n\t<option class=\"level-1\" value=\"479\">&nbsp;&nbsp;&nbsp;C\u00f3mo funciona Edebex<\/option>\n\t<option class=\"level-1\" value=\"480\">&nbsp;&nbsp;&nbsp;Inscripci\u00f3n y elegibilidad<\/option>\n\t<option class=\"level-1\" value=\"478\">&nbsp;&nbsp;&nbsp;Ventajas para los vendedores<\/option>\n\t<option class=\"level-1\" value=\"481\">&nbsp;&nbsp;&nbsp;Criterios para las facturas<\/option>\n\t<option class=\"level-1\" value=\"472\">&nbsp;&nbsp;&nbsp;Costos<\/option>\n\t<option class=\"level-0\" value=\"464\">Deudores<\/option>\n\t<option class=\"level-0\" value=\"467\">Invertir<\/option>\n\t<option class=\"level-1\" value=\"469\">&nbsp;&nbsp;&nbsp;Costos<\/option>\n<\/select>\n\n\t\t\t<i class=\"jet-ajax-search__categories-select-icon\">\n\t\t\t\t<svg xmlns=\"http:\/\/www.w3.org\/2000\/svg\" shape-rendering=\"geometricPrecision\" text-rendering=\"geometricPrecision\" image-rendering=\"optimizeQuality\" fill-rule=\"evenodd\" clip-rule=\"evenodd\" viewBox=\"0 0 512 336.36\"><path fill-rule=\"nonzero\" d=\"M42.47.01 469.5 0C492.96 0 512 19.04 512 42.5c0 11.07-4.23 21.15-11.17 28.72L294.18 320.97c-14.93 18.06-41.7 20.58-59.76 5.65-1.8-1.49-3.46-3.12-4.97-4.83L10.43 70.39C-4.97 52.71-3.1 25.86 14.58 10.47 22.63 3.46 32.57.02 42.47.01z\"\/><\/svg>\n\t\t\t<\/i><\/div>\t<\/div>\n\t\n<button class=\"jet-ajax-search__submit\" type=\"submit\" aria-label=\"Search submit\"><span class=\"jet-ajax-search__submit-icon jet-ajax-search-icon\"><i aria-hidden=\"true\" class=\"fas fa-search\"><\/i><\/span><span class=\"jet-ajax-search__submit-label\">Buscar<\/span><\/button>\n<\/form>\n\n<div class=\"jet-ajax-search__results-area\" >\n\t<div class=\"jet-ajax-search__results-holder\">\n\t\t\t\t\t<div class=\"jet-ajax-search__results-header\">\n\t\t\t\t\n<button class=\"jet-ajax-search__results-count\" aria-label=\"View all results\"><span><\/span> Results<\/button>\n\t\t\t\t<div class=\"jet-ajax-search__navigation-holder\"><\/div>\n\t\t\t<\/div>\n\t\t\t\t\t\t<div class=\"jet-ajax-search__results-list results-area-col-desk-1 results-area-col-tablet-0 results-area-col-mobile-0 results-area-col-mobile-portrait-1\" >\n\t\t\t            <div class=\"jet-ajax-search__results-list-inner \"><\/div>\n\t\t\t\t\t<\/div>\n\t\t\t\t\t<div class=\"jet-ajax-search__results-footer\">\n\t\t\t\t\t\t\t\t\t<button class=\"jet-ajax-search__full-results\">See all results<\/button>\t\t\t\t\t\t\t\t<div class=\"jet-ajax-search__navigation-holder\"><\/div>\n\t\t\t<\/div>\n\t\t\t<\/div>\n\t<div class=\"jet-ajax-search__message\"><\/div>\n\t\n<div class=\"jet-ajax-search__spinner-holder\">\n\t<div class=\"jet-ajax-search__spinner\">\n\t\t<div class=\"rect rect-1\"><\/div>\n\t\t<div class=\"rect rect-2\"><\/div>\n\t\t<div class=\"rect rect-3\"><\/div>\n\t\t<div class=\"rect rect-4\"><\/div>\n\t\t<div class=\"rect rect-5\"><\/div>\n\t<\/div>\n<\/div>\n<\/div>\n<\/div>\n<\/div>\t\t\t\t<\/div>\n\t\t\t\t<\/div>\n\t\t\t\t\t<\/div>\n\t\t<\/div>\n\t\t\t\t<div class=\"elementor-column elementor-col-33 elementor-top-column elementor-element elementor-element-665bfc24\" data-id=\"665bfc24\" data-element_type=\"column\" data-e-type=\"column\">\n\t\t\t<div class=\"elementor-widget-wrap\">\n\t\t\t\t\t\t\t<\/div>\n\t\t<\/div>\n\t\t\t\t\t<\/div>\n\t\t<\/section>\n\t\t\t\t<section class=\"elementor-section elementor-top-section elementor-element elementor-element-51630a92 featured-faq-container elementor-section-boxed elementor-section-height-default elementor-section-height-default\" data-id=\"51630a92\" data-element_type=\"section\" data-e-type=\"section\" data-settings=\"{&quot;background_background&quot;:&quot;classic&quot;}\">\n\t\t\t\t\t\t<div class=\"elementor-container elementor-column-gap-default\">\n\t\t\t\t\t<div class=\"elementor-column elementor-col-100 elementor-top-column elementor-element elementor-element-2ce41f9c\" data-id=\"2ce41f9c\" data-element_type=\"column\" data-e-type=\"column\" data-settings=\"{&quot;background_background&quot;:&quot;classic&quot;}\">\n\t\t\t<div class=\"elementor-widget-wrap elementor-element-populated\">\n\t\t\t\t\t\t<section class=\"elementor-section elementor-inner-section elementor-element elementor-element-3cba22a6 elementor-section-boxed elementor-section-height-default elementor-section-height-default\" data-id=\"3cba22a6\" data-element_type=\"section\" data-e-type=\"section\">\n\t\t\t\t\t\t<div class=\"elementor-container elementor-column-gap-default\">\n\t\t\t\t\t<div class=\"elementor-column elementor-col-50 elementor-inner-column elementor-element elementor-element-557acd97\" data-id=\"557acd97\" data-element_type=\"column\" data-e-type=\"column\" data-settings=\"{&quot;background_background&quot;:&quot;classic&quot;}\">\n\t\t\t<div class=\"elementor-widget-wrap elementor-element-populated\">\n\t\t\t\t\t\t<div class=\"elementor-element elementor-element-24a724a4 elementor-widget elementor-widget-heading\" data-id=\"24a724a4\" data-element_type=\"widget\" data-e-type=\"widget\" data-widget_type=\"heading.default\">\n\t\t\t\t<div class=\"elementor-widget-container\">\n\t\t\t\t\t<h2 class=\"elementor-heading-title elementor-size-default\">General<\/h2>\t\t\t\t<\/div>\n\t\t\t\t<\/div>\n\t\t\t\t<div class=\"elementor-element elementor-element-5c69c6b6 elementor-widget elementor-widget-button\" data-id=\"5c69c6b6\" data-element_type=\"widget\" data-e-type=\"widget\" data-widget_type=\"button.default\">\n\t\t\t\t<div class=\"elementor-widget-container\">\n\t\t\t\t\t\t\t\t\t<div class=\"elementor-button-wrapper\">\n\t\t\t\t\t<a class=\"elementor-button elementor-button-link elementor-size-sm\" href=\"https:\/\/help.edebex.com\/category\/general\/\">\n\t\t\t\t\t\t<span class=\"elementor-button-content-wrapper\">\n\t\t\t\t\t\t<span class=\"elementor-button-icon\">\n\t\t\t\t<i aria-hidden=\"true\" class=\"fas fa-plus\"><\/i>\t\t\t<\/span>\n\t\t\t\t\t\t\t\t\t<span class=\"elementor-button-text\">M\u00e1s preguntas<\/span>\n\t\t\t\t\t<\/span>\n\t\t\t\t\t<\/a>\n\t\t\t\t<\/div>\n\t\t\t\t\t\t\t\t<\/div>\n\t\t\t\t<\/div>\n\t\t\t\t\t<\/div>\n\t\t<\/div>\n\t\t\t\t<div class=\"elementor-column elementor-col-50 elementor-inner-column elementor-element elementor-element-70c84c8c\" data-id=\"70c84c8c\" data-element_type=\"column\" data-e-type=\"column\" data-settings=\"{&quot;background_background&quot;:&quot;classic&quot;}\">\n\t\t\t<div class=\"elementor-widget-wrap elementor-element-populated\">\n\t\t\t\t\t\t<div class=\"elementor-element elementor-element-20315660 elementor-widget elementor-widget-heading\" data-id=\"20315660\" data-element_type=\"widget\" data-e-type=\"widget\" data-widget_type=\"heading.default\">\n\t\t\t\t<div class=\"elementor-widget-container\">\n\t\t\t\t\t<h2 class=\"elementor-heading-title elementor-size-default\">Prefinanciamiento<\/h2>\t\t\t\t<\/div>\n\t\t\t\t<\/div>\n\t\t\t\t<div class=\"elementor-element elementor-element-250c5fa2 elementor-widget elementor-widget-button\" data-id=\"250c5fa2\" data-element_type=\"widget\" data-e-type=\"widget\" data-widget_type=\"button.default\">\n\t\t\t\t<div class=\"elementor-widget-container\">\n\t\t\t\t\t\t\t\t\t<div class=\"elementor-button-wrapper\">\n\t\t\t\t\t<a class=\"elementor-button elementor-button-link elementor-size-sm\" href=\"https:\/\/help.edebex.com\/category\/prefinancing\/\">\n\t\t\t\t\t\t<span class=\"elementor-button-content-wrapper\">\n\t\t\t\t\t\t<span class=\"elementor-button-icon\">\n\t\t\t\t<i aria-hidden=\"true\" class=\"fas fa-plus\"><\/i>\t\t\t<\/span>\n\t\t\t\t\t\t\t\t\t<span class=\"elementor-button-text\">M\u00e1s preguntas<\/span>\n\t\t\t\t\t<\/span>\n\t\t\t\t\t<\/a>\n\t\t\t\t<\/div>\n\t\t\t\t\t\t\t\t<\/div>\n\t\t\t\t<\/div>\n\t\t\t\t\t<\/div>\n\t\t<\/div>\n\t\t\t\t\t<\/div>\n\t\t<\/section>\n\t\t\t\t<section class=\"elementor-section elementor-inner-section elementor-element elementor-element-66f7188d elementor-section-boxed elementor-section-height-default elementor-section-height-default\" data-id=\"66f7188d\" data-element_type=\"section\" data-e-type=\"section\">\n\t\t\t\t\t\t<div class=\"elementor-container elementor-column-gap-default\">\n\t\t\t\t\t<div class=\"elementor-column elementor-col-50 elementor-inner-column elementor-element elementor-element-3a87d48\" data-id=\"3a87d48\" data-element_type=\"column\" data-e-type=\"column\" data-settings=\"{&quot;background_background&quot;:&quot;classic&quot;}\">\n\t\t\t<div class=\"elementor-widget-wrap elementor-element-populated\">\n\t\t\t\t\t\t<div class=\"elementor-element elementor-element-7e2302e elementor-widget elementor-widget-heading\" data-id=\"7e2302e\" data-element_type=\"widget\" data-e-type=\"widget\" data-widget_type=\"heading.default\">\n\t\t\t\t<div class=\"elementor-widget-container\">\n\t\t\t\t\t<h2 class=\"elementor-heading-title elementor-size-default\">Partners<\/h2>\t\t\t\t<\/div>\n\t\t\t\t<\/div>\n\t\t\t\t<div class=\"elementor-element elementor-element-04ee97c elementor-widget elementor-widget-button\" data-id=\"04ee97c\" data-element_type=\"widget\" data-e-type=\"widget\" data-widget_type=\"button.default\">\n\t\t\t\t<div class=\"elementor-widget-container\">\n\t\t\t\t\t\t\t\t\t<div class=\"elementor-button-wrapper\">\n\t\t\t\t\t<a class=\"elementor-button elementor-button-link elementor-size-sm\" href=\"https:\/\/help.edebex.com\/NL-nl\/category\/makelaars-nl-nl\/\">\n\t\t\t\t\t\t<span class=\"elementor-button-content-wrapper\">\n\t\t\t\t\t\t<span class=\"elementor-button-icon\">\n\t\t\t\t<i aria-hidden=\"true\" class=\"fas fa-plus\"><\/i>\t\t\t<\/span>\n\t\t\t\t\t\t\t\t\t<span class=\"elementor-button-text\">M\u00e1s preguntas<\/span>\n\t\t\t\t\t<\/span>\n\t\t\t\t\t<\/a>\n\t\t\t\t<\/div>\n\t\t\t\t\t\t\t\t<\/div>\n\t\t\t\t<\/div>\n\t\t\t\t\t<\/div>\n\t\t<\/div>\n\t\t\t\t<div class=\"elementor-column elementor-col-50 elementor-inner-column elementor-element elementor-element-26969411\" data-id=\"26969411\" data-element_type=\"column\" data-e-type=\"column\" data-settings=\"{&quot;background_background&quot;:&quot;classic&quot;}\">\n\t\t\t<div class=\"elementor-widget-wrap elementor-element-populated\">\n\t\t\t\t\t\t<div class=\"elementor-element elementor-element-7c1cd9ae elementor-widget elementor-widget-heading\" data-id=\"7c1cd9ae\" data-element_type=\"widget\" data-e-type=\"widget\" data-widget_type=\"heading.default\">\n\t\t\t\t<div class=\"elementor-widget-container\">\n\t\t\t\t\t<h2 class=\"elementor-heading-title elementor-size-default\">Deudores<\/h2>\t\t\t\t<\/div>\n\t\t\t\t<\/div>\n\t\t\t\t<div class=\"elementor-element elementor-element-21f5a78b elementor-widget elementor-widget-button\" data-id=\"21f5a78b\" data-element_type=\"widget\" data-e-type=\"widget\" data-widget_type=\"button.default\">\n\t\t\t\t<div class=\"elementor-widget-container\">\n\t\t\t\t\t\t\t\t\t<div class=\"elementor-button-wrapper\">\n\t\t\t\t\t<a class=\"elementor-button elementor-button-link elementor-size-sm\" href=\"https:\/\/help.edebex.com\/category\/debtors\/\">\n\t\t\t\t\t\t<span class=\"elementor-button-content-wrapper\">\n\t\t\t\t\t\t<span class=\"elementor-button-icon\">\n\t\t\t\t<i aria-hidden=\"true\" class=\"fas fa-plus\"><\/i>\t\t\t<\/span>\n\t\t\t\t\t\t\t\t\t<span class=\"elementor-button-text\">M\u00e1s preguntas<\/span>\n\t\t\t\t\t<\/span>\n\t\t\t\t\t<\/a>\n\t\t\t\t<\/div>\n\t\t\t\t\t\t\t\t<\/div>\n\t\t\t\t<\/div>\n\t\t\t\t\t<\/div>\n\t\t<\/div>\n\t\t\t\t\t<\/div>\n\t\t<\/section>\n\t\t\t\t\t<\/div>\n\t\t<\/div>\n\t\t\t\t\t<\/div>\n\t\t<\/section>\n\t\t\t\t<\/div>\n\t\t","protected":false},"excerpt":{"rendered":"<p>Bienvenidos al centro de ayuda de Edebex Search &#8230; Todas las categor\u00edasAlgemeen&nbsp;&nbsp;&nbsp;Definities&nbsp;&nbsp;&nbsp;Mijn account&nbsp;&nbsp;&nbsp;UBO&nbsp;&nbsp;&nbsp;Vertrouwelijkheid &amp; VeiligheidPrefinancieren&nbsp;&nbsp;&nbsp;Werking van Edebex&nbsp;&nbsp;&nbsp;Inschrijving &amp; Toelating&nbsp;&nbsp;&nbsp;Criteria voor facturen&nbsp;&nbsp;&nbsp;Voordelen voor verkopers&nbsp;&nbsp;&nbsp;Kosten&nbsp;&nbsp;&nbsp;BoekhoudingDebiteursInvesteren&nbsp;&nbsp;&nbsp;KostenMakelaars Buscar Results See all results General M\u00e1s preguntas Prefinanciamiento M\u00e1s preguntas Partners M\u00e1s preguntas Deudores M\u00e1s preguntas<\/p>\n","protected":false},"author":1,"featured_media":0,"parent":0,"menu_order":0,"comment_status":"closed","ping_status":"closed","template":"elementor_header_footer","meta":{"_acf_changed":false,"footnotes":""},"class_list":["post-9207","page","type-page","status-publish","hentry"],"acf":[],"yoast_head":"<!-- This site is optimized with the Yoast SEO plugin v27.3 - https:\/\/yoast.com\/product\/yoast-seo-wordpress\/ -->\n<title>Pagina de inicio - Help<\/title>\n<meta name=\"robots\" content=\"index, follow, max-snippet:-1, max-image-preview:large, max-video-preview:-1\" \/>\n<link rel=\"canonical\" href=\"https:\/\/help.edebex.com\/es\/\" \/>\n<meta property=\"og:locale\" content=\"es_ES\" \/>\n<meta property=\"og:type\" content=\"article\" \/>\n<meta property=\"og:title\" content=\"Pagina de inicio - Help\" \/>\n<meta property=\"og:description\" content=\"Bienvenidos al centro de ayuda de Edebex Search &#8230; Todas las categor\u00edasAlgemeen&nbsp;&nbsp;&nbsp;Definities&nbsp;&nbsp;&nbsp;Mijn account&nbsp;&nbsp;&nbsp;UBO&nbsp;&nbsp;&nbsp;Vertrouwelijkheid &amp; VeiligheidPrefinancieren&nbsp;&nbsp;&nbsp;Werking van Edebex&nbsp;&nbsp;&nbsp;Inschrijving &amp; Toelating&nbsp;&nbsp;&nbsp;Criteria voor facturen&nbsp;&nbsp;&nbsp;Voordelen voor verkopers&nbsp;&nbsp;&nbsp;Kosten&nbsp;&nbsp;&nbsp;BoekhoudingDebiteursInvesteren&nbsp;&nbsp;&nbsp;KostenMakelaars Buscar Results See all results General M\u00e1s preguntas Prefinanciamiento M\u00e1s preguntas Partners M\u00e1s preguntas Deudores M\u00e1s preguntas\" \/>\n<meta property=\"og:url\" content=\"https:\/\/help.edebex.com\/es\/\" \/>\n<meta property=\"og:site_name\" content=\"Help\" \/>\n<meta property=\"article:modified_time\" content=\"2026-02-01T21:50:15+00:00\" \/>\n<meta name=\"twitter:card\" content=\"summary_large_image\" \/>\n<meta name=\"twitter:label1\" content=\"Tiempo de lectura\" \/>\n\t<meta name=\"twitter:data1\" content=\"1 minuto\" \/>\n<script type=\"application\/ld+json\" class=\"yoast-schema-graph\">{\"@context\":\"https:\\\/\\\/schema.org\",\"@graph\":[{\"@type\":\"WebPage\",\"@id\":\"https:\\\/\\\/help.edebex.com\\\/es\\\/\",\"url\":\"https:\\\/\\\/help.edebex.com\\\/es\\\/\",\"name\":\"Pagina de inicio - Help\",\"isPartOf\":{\"@id\":\"https:\\\/\\\/help.edebex.com\\\/es\\\/#website\"},\"datePublished\":\"2023-04-05T14:36:08+00:00\",\"dateModified\":\"2026-02-01T21:50:15+00:00\",\"breadcrumb\":{\"@id\":\"https:\\\/\\\/help.edebex.com\\\/es\\\/#breadcrumb\"},\"inLanguage\":\"es\",\"potentialAction\":[{\"@type\":\"ReadAction\",\"target\":[\"https:\\\/\\\/help.edebex.com\\\/es\\\/\"]}]},{\"@type\":\"BreadcrumbList\",\"@id\":\"https:\\\/\\\/help.edebex.com\\\/es\\\/#breadcrumb\",\"itemListElement\":[{\"@type\":\"ListItem\",\"position\":1,\"name\":\"Home\",\"item\":\"https:\\\/\\\/help.edebex.com\\\/es\\\/\"},{\"@type\":\"ListItem\",\"position\":2,\"name\":\"Pagina de inicio\"}]},{\"@type\":\"WebSite\",\"@id\":\"https:\\\/\\\/help.edebex.com\\\/es\\\/#website\",\"url\":\"https:\\\/\\\/help.edebex.com\\\/es\\\/\",\"name\":\"Help\",\"description\":\"Edebex\",\"publisher\":{\"@id\":\"https:\\\/\\\/help.edebex.com\\\/es\\\/#organization\"},\"potentialAction\":[{\"@type\":\"SearchAction\",\"target\":{\"@type\":\"EntryPoint\",\"urlTemplate\":\"https:\\\/\\\/help.edebex.com\\\/es\\\/?s={search_term_string}\"},\"query-input\":{\"@type\":\"PropertyValueSpecification\",\"valueRequired\":true,\"valueName\":\"search_term_string\"}}],\"inLanguage\":\"es\"},{\"@type\":\"Organization\",\"@id\":\"https:\\\/\\\/help.edebex.com\\\/es\\\/#organization\",\"name\":\"Help\",\"url\":\"https:\\\/\\\/help.edebex.com\\\/es\\\/\",\"logo\":{\"@type\":\"ImageObject\",\"inLanguage\":\"es\",\"@id\":\"https:\\\/\\\/help.edebex.com\\\/es\\\/#\\\/schema\\\/logo\\\/image\\\/\",\"url\":\"https:\\\/\\\/help.edebex.com\\\/wp-content\\\/uploads\\\/logo-edebex-main.png\",\"contentUrl\":\"https:\\\/\\\/help.edebex.com\\\/wp-content\\\/uploads\\\/logo-edebex-main.png\",\"width\":320,\"height\":122,\"caption\":\"Help\"},\"image\":{\"@id\":\"https:\\\/\\\/help.edebex.com\\\/es\\\/#\\\/schema\\\/logo\\\/image\\\/\"}}]}<\/script>\n<!-- \/ Yoast SEO plugin. -->","yoast_head_json":{"title":"Pagina de inicio - Help","robots":{"index":"index","follow":"follow","max-snippet":"max-snippet:-1","max-image-preview":"max-image-preview:large","max-video-preview":"max-video-preview:-1"},"canonical":"https:\/\/help.edebex.com\/es\/","og_locale":"es_ES","og_type":"article","og_title":"Pagina de inicio - Help","og_description":"Bienvenidos al centro de ayuda de Edebex Search &#8230; Todas las categor\u00edasAlgemeen&nbsp;&nbsp;&nbsp;Definities&nbsp;&nbsp;&nbsp;Mijn account&nbsp;&nbsp;&nbsp;UBO&nbsp;&nbsp;&nbsp;Vertrouwelijkheid &amp; VeiligheidPrefinancieren&nbsp;&nbsp;&nbsp;Werking van Edebex&nbsp;&nbsp;&nbsp;Inschrijving &amp; Toelating&nbsp;&nbsp;&nbsp;Criteria voor facturen&nbsp;&nbsp;&nbsp;Voordelen voor verkopers&nbsp;&nbsp;&nbsp;Kosten&nbsp;&nbsp;&nbsp;BoekhoudingDebiteursInvesteren&nbsp;&nbsp;&nbsp;KostenMakelaars Buscar Results See all results General M\u00e1s preguntas Prefinanciamiento M\u00e1s preguntas Partners M\u00e1s preguntas Deudores M\u00e1s preguntas","og_url":"https:\/\/help.edebex.com\/es\/","og_site_name":"Help","article_modified_time":"2026-02-01T21:50:15+00:00","twitter_card":"summary_large_image","twitter_misc":{"Tiempo de lectura":"1 minuto"},"schema":{"@context":"https:\/\/schema.org","@graph":[{"@type":"WebPage","@id":"https:\/\/help.edebex.com\/es\/","url":"https:\/\/help.edebex.com\/es\/","name":"Pagina de inicio - Help","isPartOf":{"@id":"https:\/\/help.edebex.com\/es\/#website"},"datePublished":"2023-04-05T14:36:08+00:00","dateModified":"2026-02-01T21:50:15+00:00","breadcrumb":{"@id":"https:\/\/help.edebex.com\/es\/#breadcrumb"},"inLanguage":"es","potentialAction":[{"@type":"ReadAction","target":["https:\/\/help.edebex.com\/es\/"]}]},{"@type":"BreadcrumbList","@id":"https:\/\/help.edebex.com\/es\/#breadcrumb","itemListElement":[{"@type":"ListItem","position":1,"name":"Home","item":"https:\/\/help.edebex.com\/es\/"},{"@type":"ListItem","position":2,"name":"Pagina de inicio"}]},{"@type":"WebSite","@id":"https:\/\/help.edebex.com\/es\/#website","url":"https:\/\/help.edebex.com\/es\/","name":"Help","description":"Edebex","publisher":{"@id":"https:\/\/help.edebex.com\/es\/#organization"},"potentialAction":[{"@type":"SearchAction","target":{"@type":"EntryPoint","urlTemplate":"https:\/\/help.edebex.com\/es\/?s={search_term_string}"},"query-input":{"@type":"PropertyValueSpecification","valueRequired":true,"valueName":"search_term_string"}}],"inLanguage":"es"},{"@type":"Organization","@id":"https:\/\/help.edebex.com\/es\/#organization","name":"Help","url":"https:\/\/help.edebex.com\/es\/","logo":{"@type":"ImageObject","inLanguage":"es","@id":"https:\/\/help.edebex.com\/es\/#\/schema\/logo\/image\/","url":"https:\/\/help.edebex.com\/wp-content\/uploads\/logo-edebex-main.png","contentUrl":"https:\/\/help.edebex.com\/wp-content\/uploads\/logo-edebex-main.png","width":320,"height":122,"caption":"Help"},"image":{"@id":"https:\/\/help.edebex.com\/es\/#\/schema\/logo\/image\/"}}]}},"_links":{"self":[{"href":"https:\/\/help.edebex.com\/es\/wp-json\/wp\/v2\/pages\/9207","targetHints":{"allow":["GET"]}}],"collection":[{"href":"https:\/\/help.edebex.com\/es\/wp-json\/wp\/v2\/pages"}],"about":[{"href":"https:\/\/help.edebex.com\/es\/wp-json\/wp\/v2\/types\/page"}],"author":[{"embeddable":true,"href":"https:\/\/help.edebex.com\/es\/wp-json\/wp\/v2\/users\/1"}],"replies":[{"embeddable":true,"href":"https:\/\/help.edebex.com\/es\/wp-json\/wp\/v2\/comments?post=9207"}],"version-history":[{"count":13,"href":"https:\/\/help.edebex.com\/es\/wp-json\/wp\/v2\/pages\/9207\/revisions"}],"predecessor-version":[{"id":10023,"href":"https:\/\/help.edebex.com\/es\/wp-json\/wp\/v2\/pages\/9207\/revisions\/10023"}],"wp:attachment":[{"href":"https:\/\/help.edebex.com\/es\/wp-json\/wp\/v2\/media?parent=9207"}],"curies":[{"name":"wp","href":"https:\/\/api.w.org\/{rel}","templated":true}]}}